{"id":103,"date":"2020-04-09T21:07:34","date_gmt":"2020-04-09T19:07:34","guid":{"rendered":"http:\/\/wastell.at\/?page_id=103"},"modified":"2020-04-09T21:07:34","modified_gmt":"2020-04-09T19:07:34","slug":"arbeitsrechtsberatung","status":"publish","type":"page","link":"https:\/\/wastell.at\/?page_id=103","title":{"rendered":"Arbeitsrechtsberatung"},"content":{"rendered":"\n<p><strong>Ausgangssituation:<\/strong><\/p>\n\n\n\n<ul><li>Arbeitgeber und Personalverantwortliche haben (fast) t\u00e4glich arbeitsrechtliche Fragen zu l\u00f6sen.<\/li><li>Oft sind Entscheidungen zu treffen und man ist sich der Konsequenz nicht bewusst.<\/li><li>Viele dieser Entscheidungen haben auch Auswirkungen auf die Lohnsteuer und die Sozialversicherung (und k\u00f6nnen sehr teuer werden).<\/li><li>St\u00e4ndige \u00c4nderungen im Sozialversicherungs- und Arbeitsrecht erh\u00f6hen das Risiko von Nachzahlungen bei Pr\u00fcfungen.<\/li><\/ul>\n\n\n\n<p>Durch meine langj\u00e4hrige T\u00e4tigkeit f\u00fcr unterschiedlichste Branchen bin ich in der Lage, verschiedenste Beratungsbereiche abzudecken.<\/p>\n\n\n\n<p>Zum Beispiel folgende Themen:<\/p>\n\n\n\n<ul><li>Arbeitszeit<\/li><li>Entlohnung<\/li><li>\u00dcberstunden<\/li><li>Urlaub und Krankenstand<\/li><li>Firmenfahrzeuge (Sachbez\u00fcge) usw.<\/li><\/ul>\n","protected":false},"excerpt":{"rendered":"<p>Ausgangssituation: Arbeitgeber und Personalverantwortliche haben (fast) t\u00e4glich arbeitsrechtliche Fragen zu l\u00f6sen. Oft sind Entscheidungen zu treffen und man ist sich der Konsequenz nicht bewusst. Viele dieser Entscheidungen haben auch Auswirkungen auf die Lohnsteuer und die Sozialversicherung (und k\u00f6nnen sehr teuer &hellip; <a href=\"https:\/\/wastell.at\/?page_id=103\">Weiterlesen <span class=\"meta-nav\">&rarr;<\/span><\/a><\/p>\n","protected":false},"author":1,"featured_media":0,"parent":0,"menu_order":0,"comment_status":"closed","ping_status":"closed","template":"","meta":{"footnotes":""},"_links":{"self":[{"href":"https:\/\/wastell.at\/index.php?rest_route=\/wp\/v2\/pages\/103"}],"collection":[{"href":"https:\/\/wastell.at\/index.php?rest_route=\/wp\/v2\/pages"}],"about":[{"href":"https:\/\/wastell.at\/index.php?rest_route=\/wp\/v2\/types\/page"}],"author":[{"embeddable":true,"href":"https:\/\/wastell.at\/index.php?rest_route=\/wp\/v2\/users\/1"}],"replies":[{"embeddable":true,"href":"https:\/\/wastell.at\/index.php?rest_route=%2Fwp%2Fv2%2Fcomments&post=103"}],"version-history":[{"count":1,"href":"https:\/\/wastell.at\/index.php?rest_route=\/wp\/v2\/pages\/103\/revisions"}],"predecessor-version":[{"id":104,"href":"https:\/\/wastell.at\/index.php?rest_route=\/wp\/v2\/pages\/103\/revisions\/104"}],"wp:attachment":[{"href":"https:\/\/wastell.at\/index.php?rest_route=%2Fwp%2Fv2%2Fmedia&parent=103"}],"curies":[{"name":"wp","href":"https:\/\/api.w.org\/{rel}","templated":true}]}}