{"id":107,"date":"2020-04-09T21:15:07","date_gmt":"2020-04-09T19:15:07","guid":{"rendered":"http:\/\/wastell.at\/?page_id=107"},"modified":"2024-01-02T16:52:45","modified_gmt":"2024-01-02T15:52:45","slug":"ulrike-hoffmann-wastell","status":"publish","type":"page","link":"https:\/\/wastell.at\/?page_id=107","title":{"rendered":"Ulrike Hoffmann-Wastell"},"content":{"rendered":"\n<div class=\"wp-block-media-text alignwide is-stacked-on-mobile\" style=\"grid-template-columns:34% auto\"><figure class=\"wp-block-media-text__media\"><img fetchpriority=\"high\" decoding=\"async\" width=\"681\" height=\"1024\" src=\"http:\/\/wastell.at\/wp-content\/uploads\/2019\/08\/Ulrike01-681x1024.jpg\" alt=\"\" class=\"wp-image-17 size-full\" srcset=\"https:\/\/wastell.at\/wp-content\/uploads\/2019\/08\/Ulrike01-681x1024.jpg 681w, https:\/\/wastell.at\/wp-content\/uploads\/2019\/08\/Ulrike01-200x300.jpg 200w, https:\/\/wastell.at\/wp-content\/uploads\/2019\/08\/Ulrike01-768x1154.jpg 768w\" sizes=\"(max-width: 681px) 100vw, 681px\" \/><\/figure><div class=\"wp-block-media-text__content\">\n<p><strong>Unternehmensberaterin HR<\/strong><br><strong>Steuerberaterin<\/strong><br><strong>Arbeitsrechtsspezialistin<\/strong><br><strong>F\u00fchrungskr\u00e4ftecoach<\/strong><br><strong>Vortragende f\u00fcr Personalverrechnungsthemen<\/strong><br><br><strong>Abwicklung<\/strong> <strong>von GPLB-Pr\u00fcfungen <\/strong><br><strong>(fr\u00fcher GPLA)<\/strong><\/p>\n<\/div><\/div>\n\n\n\n<p><strong>Schwerpunktthemen:<\/strong><\/p>\n\n\n\n<ul>\n<li>Arbeitszeit, Gleitzeit<\/li>\n\n\n\n<li>All-In-Vereinbarungen<\/li>\n\n\n\n<li>\u00dcberstundenabgeltung<\/li>\n\n\n\n<li>KFZ-Sachbezugsregelungen<\/li>\n\n\n\n<li>Lohnsteuer, ASVG<\/li>\n\n\n\n<li>Abwicklung und Beratung bei GPLB-Pr\u00fcfungen<\/li>\n\n\n\n<li>Arbeits- und Sozialrechtsberatung<\/li>\n<\/ul>\n\n\n\n<p>Ich bin Praktikerin. Seit \u00fcber rund 25 Jahren habe ich mich auf Themen der Personalverrechnung spezialisiert. Viele Jahre habe ich selbst&nbsp; f\u00fcr die unterschiedlichsten Branchen L\u00f6hne und Geh\u00e4lter abgerechnet. Deshalb ist es mir m\u00f6glich, bei meinen Beratungen und Coachings aus einem riesigen Beratungsschatz zu sch\u00f6pfen. Die st\u00e4ndigen Neuerungen und \u00c4nderungen fordern Unternehmen und Personalverantwortliche. Meine St\u00e4rke ist es, diese komplexe Materie verst\u00e4ndlich und praxisbezogen auf den Punkt zu bringen und Ihnen bei der Umsetzung zu helfen.<\/p>\n","protected":false},"excerpt":{"rendered":"<p>Unternehmensberaterin HRSteuerberaterinArbeitsrechtsspezialistinF\u00fchrungskr\u00e4ftecoachVortragende f\u00fcr Personalverrechnungsthemen Abwicklung von GPLB-Pr\u00fcfungen (fr\u00fcher GPLA) Schwerpunktthemen: Ich bin Praktikerin. Seit \u00fcber rund 25 Jahren habe ich mich auf Themen der Personalverrechnung spezialisiert. Viele Jahre habe ich selbst&nbsp; f\u00fcr die unterschiedlichsten Branchen L\u00f6hne und Geh\u00e4lter abgerechnet. Deshalb &hellip; <a href=\"https:\/\/wastell.at\/?page_id=107\">Weiterlesen <span class=\"meta-nav\">&rarr;<\/span><\/a><\/p>\n","protected":false},"author":1,"featured_media":0,"parent":0,"menu_order":0,"comment_status":"closed","ping_status":"closed","template":"","meta":{"footnotes":""},"_links":{"self":[{"href":"https:\/\/wastell.at\/index.php?rest_route=\/wp\/v2\/pages\/107"}],"collection":[{"href":"https:\/\/wastell.at\/index.php?rest_route=\/wp\/v2\/pages"}],"about":[{"href":"https:\/\/wastell.at\/index.php?rest_route=\/wp\/v2\/types\/page"}],"author":[{"embeddable":true,"href":"https:\/\/wastell.at\/index.php?rest_route=\/wp\/v2\/users\/1"}],"replies":[{"embeddable":true,"href":"https:\/\/wastell.at\/index.php?rest_route=%2Fwp%2Fv2%2Fcomments&post=107"}],"version-history":[{"count":7,"href":"https:\/\/wastell.at\/index.php?rest_route=\/wp\/v2\/pages\/107\/revisions"}],"predecessor-version":[{"id":220,"href":"https:\/\/wastell.at\/index.php?rest_route=\/wp\/v2\/pages\/107\/revisions\/220"}],"wp:attachment":[{"href":"https:\/\/wastell.at\/index.php?rest_route=%2Fwp%2Fv2%2Fmedia&parent=107"}],"curies":[{"name":"wp","href":"https:\/\/api.w.org\/{rel}","templated":true}]}}