{"id":132,"date":"2021-04-16T17:29:54","date_gmt":"2021-04-16T15:29:54","guid":{"rendered":"http:\/\/wastell.at\/?page_id=132"},"modified":"2021-04-16T17:29:54","modified_gmt":"2021-04-16T15:29:54","slug":"seminare-fuer-die-praxis-2","status":"publish","type":"page","link":"https:\/\/wastell.at\/","title":{"rendered":"Seminare"},"content":{"rendered":"\n<p><\/p>\n\n\n\n<p>Unsere Seminare zeichnen sich durch folgende drei&nbsp; Erfolgskriterien aus:<\/p>\n\n\n\n<h3 class=\"wp-block-heading\"><strong>Individualit\u00e4t<\/strong><\/h3>\n\n\n\n<p>Jedes Seminar wird genau auf Ihre Bed\u00fcrfnisse abgestimmt (Inhalte, Zeitablauf, Methoden, Fallstudien, Rollenspiele, Arbeitsunterlagen).<\/p>\n\n\n\n<p>Kein Seminar gleicht einem anderen!<\/p>\n\n\n\n<h3 class=\"wp-block-heading\"><strong>Praxisorientierung<\/strong><\/h3>\n\n\n\n<p>Durch den Einsatz unterschiedlicher Seminarmethoden (Fallstudien, Rollenspiele, Videoanalysen etc.) und das Eingehen auf Ihre spezielle Situation erhalten die Teilnehmer praxistaugliche Werkzeuge.<\/p>\n\n\n\n<h3 class=\"wp-block-heading\"><strong>Nachhaltigkeit<\/strong><\/h3>\n\n\n\n<p>Durch den Einbau der neuesten Erkenntnisse der Neurobiologie in die Seminarmethode ist eine gr\u00f6\u00dftm\u00f6gliche Umsetzung der Lerninhalte gew\u00e4hrleistet. Diese wird noch durch verschiedene Mittel in der Nachbetreuung gesteigert.<\/p>\n\n\n\n<p><\/p>\n\n\n\n<p><br>Kontaktieren Sie uns bitte, damit Sie ein speziell auf Ihre Anforderungen konzipiertes Seminar angeboten bekommen.<\/p>\n","protected":false},"excerpt":{"rendered":"<p>Unsere Seminare zeichnen sich durch folgende drei&nbsp; Erfolgskriterien aus: Individualit\u00e4t Jedes Seminar wird genau auf Ihre Bed\u00fcrfnisse abgestimmt (Inhalte, Zeitablauf, Methoden, Fallstudien, Rollenspiele, Arbeitsunterlagen). Kein Seminar gleicht einem anderen! Praxisorientierung Durch den Einsatz unterschiedlicher Seminarmethoden (Fallstudien, Rollenspiele, Videoanalysen etc.) und &hellip; <a href=\"https:\/\/wastell.at\/\">Weiterlesen <span class=\"meta-nav\">&rarr;<\/span><\/a><\/p>\n","protected":false},"author":1,"featured_media":0,"parent":0,"menu_order":0,"comment_status":"closed","ping_status":"closed","template":"","meta":{"footnotes":""},"_links":{"self":[{"href":"https:\/\/wastell.at\/index.php?rest_route=\/wp\/v2\/pages\/132"}],"collection":[{"href":"https:\/\/wastell.at\/index.php?rest_route=\/wp\/v2\/pages"}],"about":[{"href":"https:\/\/wastell.at\/index.php?rest_route=\/wp\/v2\/types\/page"}],"author":[{"embeddable":true,"href":"https:\/\/wastell.at\/index.php?rest_route=\/wp\/v2\/users\/1"}],"replies":[{"embeddable":true,"href":"https:\/\/wastell.at\/index.php?rest_route=%2Fwp%2Fv2%2Fcomments&post=132"}],"version-history":[{"count":1,"href":"https:\/\/wastell.at\/index.php?rest_route=\/wp\/v2\/pages\/132\/revisions"}],"predecessor-version":[{"id":133,"href":"https:\/\/wastell.at\/index.php?rest_route=\/wp\/v2\/pages\/132\/revisions\/133"}],"wp:attachment":[{"href":"https:\/\/wastell.at\/index.php?rest_route=%2Fwp%2Fv2%2Fmedia&parent=132"}],"curies":[{"name":"wp","href":"https:\/\/api.w.org\/{rel}","templated":true}]}}