{"id":154,"date":"2021-04-16T21:34:48","date_gmt":"2021-04-16T19:34:48","guid":{"rendered":"http:\/\/wastell.at\/?page_id=154"},"modified":"2024-01-02T16:45:47","modified_gmt":"2024-01-02T15:45:47","slug":"alfred-wastell-2","status":"publish","type":"page","link":"https:\/\/wastell.at\/?page_id=154","title":{"rendered":"Alfred Wastell"},"content":{"rendered":"\n<div class=\"wp-block-media-text alignwide is-stacked-on-mobile\" style=\"grid-template-columns:31% auto\"><figure class=\"wp-block-media-text__media\"><img fetchpriority=\"high\" decoding=\"async\" width=\"698\" height=\"1024\" src=\"http:\/\/wastell.at\/wp-content\/uploads\/2019\/08\/Wastell01-698x1024.jpg\" alt=\"\" class=\"wp-image-19 size-full\" srcset=\"https:\/\/wastell.at\/wp-content\/uploads\/2019\/08\/Wastell01-698x1024.jpg 698w, https:\/\/wastell.at\/wp-content\/uploads\/2019\/08\/Wastell01-204x300.jpg 204w, https:\/\/wastell.at\/wp-content\/uploads\/2019\/08\/Wastell01-768x1127.jpg 768w\" sizes=\"(max-width: 698px) 100vw, 698px\" \/><\/figure><div class=\"wp-block-media-text__content\">\n<p class=\"has-normal-font-size\"><strong>Unternehmensberater HR<\/strong><br><strong>Organisationsberater<\/strong><br><strong>Managementtrainer<\/strong><br><strong>F\u00fchrungskr\u00e4fte-Coach<\/strong><br><strong>Personalverrechnerausbildung (ARS-Wien)<\/strong><\/p>\n\n\n\n<p><\/p>\n\n\n\n<p class=\"has-normal-font-size\"><br><\/p>\n<\/div><\/div>\n\n\n\n<p><strong><br><\/strong><\/p>\n\n\n\n<p>Mein beruflicher  Werdegang begann im Vertrieb. Als Vertriebsleiter durfte ich zus\u00e4tzlich viele Erfahrungen in Mitarbeiterf\u00fchrung machen. Nach dieser Zeit war ich  \u00fcber 20 Jahre  im Trainings- und Beratungsbereich t\u00e4tig, in denen ich meine eigenen Erfahrungen zum Nutzen meiner Kunden erfolgreich einsetzen konnte.<br><br>Aus dem Zusammenleben mit meiner Frau &#8211; Steuerberaterin mit Spezialisierung Personalverrechnung &#8211; kam ich bereist vor vielen Jahren mit ihrer T\u00e4tigkeit in Kontakt und bin immer mehr in die Thematik eingetaucht. Es folgte eine Ausbildung zum Personalverrechner (2015) und danach die Mitwirkung bei vielen Beratungsprojekten im Bereich Arbeitsrecht, Gestaltung der Arbeitszeit, Reisekosten und vieles mehr.<br><br>Mit dem Fr\u00fchjahr 2020 kam dann pl\u00f6tzlich eine ganz neue Herausforderung: Kurzarbeit und viele damit verbundenen Themen. Bereits seit Juni 2020 halte ich Workshops zu dem Thema Kurzarbeits-Abrechnung. Inzwischen habe ich die verschiedensten Fragen der Unternehmen und der Mitarbeiter aus dem Bereich Personalverrechnung beantworten und l\u00f6sen k\u00f6nnen.<\/p>\n\n\n\n<p>Ich bin verheiratet, habe eine Tochter und lebe in St. P\u00f6lten. In der Freizeit bin ich gerne in der Natur und betreibe Sport.<\/p>\n\n\n\n<p><\/p>\n","protected":false},"excerpt":{"rendered":"<p>Unternehmensberater HROrganisationsberaterManagementtrainerF\u00fchrungskr\u00e4fte-CoachPersonalverrechnerausbildung (ARS-Wien) Mein beruflicher Werdegang begann im Vertrieb. Als Vertriebsleiter durfte ich zus\u00e4tzlich viele Erfahrungen in Mitarbeiterf\u00fchrung machen. Nach dieser Zeit war ich \u00fcber 20 Jahre im Trainings- und Beratungsbereich t\u00e4tig, in denen ich meine eigenen Erfahrungen zum Nutzen &hellip; <a href=\"https:\/\/wastell.at\/?page_id=154\">Weiterlesen <span class=\"meta-nav\">&rarr;<\/span><\/a><\/p>\n","protected":false},"author":1,"featured_media":0,"parent":0,"menu_order":0,"comment_status":"closed","ping_status":"closed","template":"","meta":{"footnotes":""},"_links":{"self":[{"href":"https:\/\/wastell.at\/index.php?rest_route=\/wp\/v2\/pages\/154"}],"collection":[{"href":"https:\/\/wastell.at\/index.php?rest_route=\/wp\/v2\/pages"}],"about":[{"href":"https:\/\/wastell.at\/index.php?rest_route=\/wp\/v2\/types\/page"}],"author":[{"embeddable":true,"href":"https:\/\/wastell.at\/index.php?rest_route=\/wp\/v2\/users\/1"}],"replies":[{"embeddable":true,"href":"https:\/\/wastell.at\/index.php?rest_route=%2Fwp%2Fv2%2Fcomments&post=154"}],"version-history":[{"count":6,"href":"https:\/\/wastell.at\/index.php?rest_route=\/wp\/v2\/pages\/154\/revisions"}],"predecessor-version":[{"id":216,"href":"https:\/\/wastell.at\/index.php?rest_route=\/wp\/v2\/pages\/154\/revisions\/216"}],"wp:attachment":[{"href":"https:\/\/wastell.at\/index.php?rest_route=%2Fwp%2Fv2%2Fmedia&parent=154"}],"curies":[{"name":"wp","href":"https:\/\/api.w.org\/{rel}","templated":true}]}}