{"id":34,"date":"2020-04-08T21:40:50","date_gmt":"2020-04-08T19:40:50","guid":{"rendered":"http:\/\/wastell.at\/?page_id=34"},"modified":"2020-04-08T21:45:03","modified_gmt":"2020-04-08T19:45:03","slug":"zeitmanagement","status":"publish","type":"page","link":"https:\/\/wastell.at\/?page_id=34","title":{"rendered":"Zeitmanagement"},"content":{"rendered":"\n<p class=\"has-medium-font-size\"><strong>Sie wollen:<\/strong><\/p>\n\n\n\n<p>&#8230; mehr Leistung von Team\/Mitarbeiter erreichen?<br>&#8230; die Zusammenarbeit im Team steigern?<br>&#8230; die Kreativit\u00e4t erh\u00f6hen und bessere L\u00f6sungen erarbeiten?<br>&#8230; bessere Ergebnisse von Meetings und Besprechungen erzielen?<br>&#8230; motivierte Mitarbeiter haben, die ihre Leistungsf\u00e4higkeit besser n\u00fctzen k\u00f6nnen?<br>&#8230; durch die richtigen Arbeitstechniken \u00dcberforderung vermeiden?<br><\/p>\n\n\n\n<p class=\"has-medium-font-size\"><strong>Dann sind folgende Seminartypen f\u00fcr Sie gerade richtig:<\/strong><\/p>\n\n\n\n<p><strong>Jetzt pack ich\u00b4s endlich an!<\/strong><\/p>\n\n\n\n<ul><li>Wie bekomme ich meinen Arbeitsalltag in den Griff?<\/li><li>Erkennen meiner Blockaden und deren Aufl\u00f6sung<\/li><li>endlich beginne ich mit der Umsetzung meiner Vors\u00e4tze!<\/li><\/ul>\n\n\n\n<p><strong>Am Anfang war das Ziel<\/strong><\/p>\n\n\n\n<ul><li>Bedeutung von Zielen f\u00fcr unseren Arbeitsablauf und unseren Erfolg<\/li><li>wie ist das mit den Zielen in der Organisation?<\/li><li>Aus W\u00fcnschen konkrete, umsetzbare und mit Energie&nbsp; geladene Ziele formen<\/li><\/ul>\n\n\n\n<p class=\"has-normal-font-size\"><strong>Emotionales Selbstmanagement<\/strong><\/p>\n\n\n\n<ul><li>So gewinne&nbsp; ich Energie und motiviere mich t\u00e4glich neu<\/li><li>Energetische Psychologie und Selbstmanagement<\/li><li>Innere Antreiber und wie ich diese positiv nutzen kann<\/li><\/ul>\n\n\n\n<p><strong>Optimale Teamorganisation<\/strong><\/p>\n\n\n\n<ul><li>Zeitmanagement im Team \u2013 wie k\u00f6nnen wir alle davon profitieren?<\/li><li>Kommunikationsregeln, die uns \u201eZeit sparen\u201c helfen<\/li><li>wie wir st\u00e4ndige gegenseitige Unterbrechungen vermeiden und dadurch enorm an Kapazit\u00e4ten gewinnen k\u00f6nnen<\/li><\/ul>\n\n\n\n<p><strong>Anfeuern statt ausbrennen<\/strong><\/p>\n\n\n\n<ul><li>Wie sie ihr Team zu Topleistungen bringen<\/li><li>Steigerung der Produktivit\u00e4t der einzelnen Mitarbeiter<\/li><li>und gleichzeitig Vorbeugung gegen Ausf\u00e4lle wegen Stress<br><\/li><\/ul>\n\n\n\n<p><strong>Effiziente Meetings und Besprechungen<\/strong><\/p>\n\n\n\n<ul><li>wie bereiten wir erfolgreiche Meetings vor?<\/li><li>Moderationstechniken zur Effizienzsteigerung einsetzen<\/li><li>Konferenz- und Besprechungsstrategien<\/li><\/ul>\n","protected":false},"excerpt":{"rendered":"<p>Sie wollen: &#8230; mehr Leistung von Team\/Mitarbeiter erreichen?&#8230; die Zusammenarbeit im Team steigern?&#8230; die Kreativit\u00e4t erh\u00f6hen und bessere L\u00f6sungen erarbeiten?&#8230; bessere Ergebnisse von Meetings und Besprechungen erzielen?&#8230; motivierte Mitarbeiter haben, die ihre Leistungsf\u00e4higkeit besser n\u00fctzen k\u00f6nnen?&#8230; durch die richtigen Arbeitstechniken &hellip; <a href=\"https:\/\/wastell.at\/?page_id=34\">Weiterlesen <span class=\"meta-nav\">&rarr;<\/span><\/a><\/p>\n","protected":false},"author":1,"featured_media":0,"parent":0,"menu_order":0,"comment_status":"closed","ping_status":"closed","template":"","meta":{"footnotes":""},"_links":{"self":[{"href":"https:\/\/wastell.at\/index.php?rest_route=\/wp\/v2\/pages\/34"}],"collection":[{"href":"https:\/\/wastell.at\/index.php?rest_route=\/wp\/v2\/pages"}],"about":[{"href":"https:\/\/wastell.at\/index.php?rest_route=\/wp\/v2\/types\/page"}],"author":[{"embeddable":true,"href":"https:\/\/wastell.at\/index.php?rest_route=\/wp\/v2\/users\/1"}],"replies":[{"embeddable":true,"href":"https:\/\/wastell.at\/index.php?rest_route=%2Fwp%2Fv2%2Fcomments&post=34"}],"version-history":[{"count":3,"href":"https:\/\/wastell.at\/index.php?rest_route=\/wp\/v2\/pages\/34\/revisions"}],"predecessor-version":[{"id":37,"href":"https:\/\/wastell.at\/index.php?rest_route=\/wp\/v2\/pages\/34\/revisions\/37"}],"wp:attachment":[{"href":"https:\/\/wastell.at\/index.php?rest_route=%2Fwp%2Fv2%2Fmedia&parent=34"}],"curies":[{"name":"wp","href":"https:\/\/api.w.org\/{rel}","templated":true}]}}