{"id":59,"date":"2020-04-08T22:52:11","date_gmt":"2020-04-08T20:52:11","guid":{"rendered":"http:\/\/wastell.at\/?page_id=59"},"modified":"2020-04-09T00:38:25","modified_gmt":"2020-04-08T22:38:25","slug":"impressum","status":"publish","type":"page","link":"https:\/\/wastell.at\/?page_id=59","title":{"rendered":"Impressum"},"content":{"rendered":"\n<p>Alfred Wastell<br>Training-Beratung-Coaching<br>Ulmenweg 5<br>3100 St. P\u00f6lten<br><br>Tel.: +43 (0) 2742 882322<br>E-Mail: <a href=\"mailto:training@wastell.at\">training@wastell.at<\/a><br>Web: <a href=\"http:\/\/www.wastell.at\/\">www.wastell.at<\/a><br><br>f\u00fcr den Inhalt verantwortlich: Alfred Wastell<br><br>Bankverbindung:<br>Volksbank N\u00d6<br>IBAN: AT134715040031740000<br><br>UID: ATU39503202<br><br>Mitglied der Wirtschaftskammer Nieder\u00f6sterreich \u2013<br>Fachverband Unternehmensberatung und Informationstechnologie<\/p>\n\n\n\n<div class=\"wp-block-media-text alignwide is-stacked-on-mobile\" style=\"grid-template-columns:30% auto\"><figure class=\"wp-block-media-text__media\"><img decoding=\"async\" width=\"169\" height=\"23\" src=\"http:\/\/wastell.at\/wp-content\/uploads\/2020\/04\/ecg.png\" alt=\"\" class=\"wp-image-69\"\/><\/figure><div class=\"wp-block-media-text__content\">\n<p><a href=\"https:\/\/www.wkoecg.at\/Web\/Ecg.aspx?FirmaID=cd4016c1-4cf4-4476-b8cc-0ae11c605a43&amp;_ga=2.235090946.2057002233.1586379175-1914705801.1560866474\">Weitere Informationen laut ECG<\/a><\/p>\n<\/div><\/div>\n\n\n\n<p><strong>Haftungsausschluss<\/strong><\/p>\n\n\n\n<p>Obwohl bei der Zusammenstellung der Informationen gr\u00f6\u00dftm\u00f6gliche Sorgfalt angewendet wurde, wird vom Autor eine Haftung oder Garantie f\u00fcr die Aktualit\u00e4t, Korrektheit und Vollst\u00e4ndigkeit der Informationen und Daten ausgeschlossen. Dies gilt insbesondere auch f\u00fcr alle Sch\u00e4den und Folgesch\u00e4den materieller oder ideeller Art, einschlie\u00dflich entgangener Gewinne, die durch die Nutzung oder Nichtnutzung bzw. Zugrundelegung der enthaltenen Informationen entstehen.<\/p>\n\n\n\n<p>Alle Angaben auf diesen Seiten sind ohne Gew\u00e4hr.<\/p>\n\n\n\n<p>Der Download von Dokumenten erfolgt auf eigene Gefahr. Der Betreiber haftet nicht f\u00fcr Sch\u00e4den, die aus der Nutzung der Download-Bereiche entstehen.<br><br><\/p>\n\n\n\n<p><strong>Genderhinweis<\/strong><\/p>\n\n\n\n<p>Der Autor legt gr\u00f6\u00dften Wert auf Diversit\u00e4t und Gleichbehandlung. Im Sinne einer besseren Lesbarkeit werden geschlechtsspezifische Bezeichnungen meist nur in der m\u00e4nnlichen Form angef\u00fchrt.<\/p>\n\n\n\n<p><strong>Verlinkung per Hyperlink<\/strong><\/p>\n\n\n\n<p>Der Betreiber dieser Website ist f\u00fcr die Inhalte anderer Websites, auf die per Hyperlink verwiesen wird, in keinem Falle verantwortlich.<\/p>\n\n\n\n<p>F\u00fcr illegale, fehlerhafte oder unvollst\u00e4ndige Inhalte und insbesondere f\u00fcr Sch\u00e4den, die aus der Nutzung oder Nichtnutzung solcherart dargebotener Informationen entstehen, haftet allein der Anbieter der Seite, auf welche verwiesen wurde, nicht derjenige, der \u00fcber Links auf die jeweilige Ver\u00f6ffentlichung lediglich verweist.<\/p>\n\n\n\n<p>Eine etwaige Verlinkung auf diese Website ist nur mit Zustimmung des Betreibers erlaubt<\/p>\n\n\n\n<p><strong>Copyright \/ Nutzungsrechte<\/strong><\/p>\n\n\n\n<p>Alle Texte, Fotos, Bilder, Firmenlogos und Grafiken \u2013 auch Dritter \u2013 dieser Website unterliegen dem Schutz des Urheberrechts und des Markenschutzes. Alle Daten genie\u00dfen den Schutz nach \u00a74 und \u00a7\u00a787a ff. Urheberrechtsgesetz. Die Verbreitung von Informationen, Bildern und Daten dieser Site unterliegen der Zustimmung des Betreibers.<\/p>\n","protected":false},"excerpt":{"rendered":"<p>Alfred WastellTraining-Beratung-CoachingUlmenweg 53100 St. P\u00f6lten Tel.: +43 (0) 2742 882322E-Mail: training@wastell.atWeb: www.wastell.at f\u00fcr den Inhalt verantwortlich: Alfred Wastell Bankverbindung:Volksbank N\u00d6IBAN: AT134715040031740000 UID: ATU39503202 Mitglied der Wirtschaftskammer Nieder\u00f6sterreich \u2013Fachverband Unternehmensberatung und Informationstechnologie Weitere Informationen laut ECG Haftungsausschluss Obwohl bei der Zusammenstellung &hellip; <a href=\"https:\/\/wastell.at\/?page_id=59\">Weiterlesen <span class=\"meta-nav\">&rarr;<\/span><\/a><\/p>\n","protected":false},"author":1,"featured_media":0,"parent":0,"menu_order":0,"comment_status":"closed","ping_status":"closed","template":"","meta":{"footnotes":""},"_links":{"self":[{"href":"https:\/\/wastell.at\/index.php?rest_route=\/wp\/v2\/pages\/59"}],"collection":[{"href":"https:\/\/wastell.at\/index.php?rest_route=\/wp\/v2\/pages"}],"about":[{"href":"https:\/\/wastell.at\/index.php?rest_route=\/wp\/v2\/types\/page"}],"author":[{"embeddable":true,"href":"https:\/\/wastell.at\/index.php?rest_route=\/wp\/v2\/users\/1"}],"replies":[{"embeddable":true,"href":"https:\/\/wastell.at\/index.php?rest_route=%2Fwp%2Fv2%2Fcomments&post=59"}],"version-history":[{"count":7,"href":"https:\/\/wastell.at\/index.php?rest_route=\/wp\/v2\/pages\/59\/revisions"}],"predecessor-version":[{"id":74,"href":"https:\/\/wastell.at\/index.php?rest_route=\/wp\/v2\/pages\/59\/revisions\/74"}],"wp:attachment":[{"href":"https:\/\/wastell.at\/index.php?rest_route=%2Fwp%2Fv2%2Fmedia&parent=59"}],"curies":[{"name":"wp","href":"https:\/\/api.w.org\/{rel}","templated":true}]}}