{"id":64,"date":"2020-04-09T00:00:44","date_gmt":"2020-04-08T22:00:44","guid":{"rendered":"http:\/\/wastell.at\/?page_id=64"},"modified":"2020-04-09T00:00:44","modified_gmt":"2020-04-08T22:00:44","slug":"vertrieb","status":"publish","type":"page","link":"https:\/\/wastell.at\/?page_id=64","title":{"rendered":"Vertrieb"},"content":{"rendered":"\n<p class=\"has-medium-font-size\"><strong>Sie wollen &#8230;<\/strong><\/p>\n\n\n\n<p>&#8230; den Verkaufserfolg steigern?<br>&#8230; die Beziehung zum Kunden verbessern?<br>&#8230; Kundengespr\u00e4che zielorientiert lenken?<br>&#8230; die Zufriedenheit der Kunden erh\u00f6hen?<br>&#8230; die Abschlussquote erh\u00f6hen?<br>&#8230; den Kundendienst mehr als Vertriebsinstrument n\u00fctzen?<\/p>\n\n\n\n<p class=\"has-medium-font-size\"><br><strong>Dann sind folgende Seminartypen f\u00fcr Sie gerade richtig:<\/strong><\/p>\n\n\n\n<p><strong>Verkaufspsychologie \u2013 Wie tickt der Kunde?<\/strong><\/p>\n\n\n\n<ul><li>Der Kunde, das unbekannte Wesen \u2013 Menschenkenntnis im Verkauf<\/li><li>wie gehe ich optimal auf die unterschiedlichen Kundentypen ein?<\/li><li>die Entscheidungsmotive des Kunden erkennen und zielorientiert einsetzen<\/li><\/ul>\n\n\n\n<p><strong>Verkaufsrhetorik \u2013 Mit den richtigen Worten zum Erfolg<\/strong><\/p>\n\n\n\n<ul><li>Wie lenke ich das Gespr\u00e4ch in die gew\u00fcnschte Richtung?<\/li><li>\u00dcberzeugende Argumente \u2013 richtig eingesetzt<\/li><li>die Technik des aktiven Zuh\u00f6rens<\/li><\/ul>\n\n\n\n<p><strong>Erfolgreiche Neukunden-Akquisition<\/strong><\/p>\n\n\n\n<ul><li>die optimale Gestaltung des entscheidenden ersten Eindrucks<\/li><li>der rasche Beziehungsaufbau als Basis f\u00fcr den raschen Erfolg<\/li><li>die zielorientierte Pr\u00e4sentation unseres Unternehmens und unseres Angebotes<\/li><\/ul>\n\n\n\n<p><strong>Hurra, der Kunde hat einen Einwand<\/strong><\/p>\n\n\n\n<ul><li>Einw\u00e4nde vorbeugen durch Vorwegnahme und Argumentation<\/li><li>der Einwand des Kunden \u2013 der erste Schritt zum Abschluss<\/li><li>die Technik der JA-Stra\u00dfe<\/li><\/ul>\n\n\n\n<p><strong>Erfolgreich abschlie\u00dfen und Preise durchsetzen<\/strong><\/p>\n\n\n\n<ul><li>Preis verkaufen \u2013 Werte schaffen<\/li><li>Kaufsignale erkennen und schneller zum Abschluss kommen<\/li><li>die jeweils passende Abschlusstechnik einsetzen<\/li><\/ul>\n\n\n\n<p><strong>Reklamationen als Chance n\u00fctzen<\/strong><\/p>\n\n\n\n<ul><li>Umgang mit schwierigen Gespr\u00e4chssituationen<\/li><li>psychologische Strategie in der Reklamationsbearbeitung<\/li><li>Kundenbindung durch ideales Reklamationsmanagement<\/li><\/ul>\n\n\n\n<p><strong>Der Kundendienst \u2013 Schl\u00fcsselfaktor f\u00fcr Verkaufserfolge<\/strong><\/p>\n\n\n\n<ul><li>die T\u00e4tigkeit des Technikers beim Kunden als Chance zur Kundenbindung n\u00fctzen<\/li><li>schwierige Gespr\u00e4chssituation beim Kunden professionell meistern<\/li><li>M\u00f6glichkeiten f\u00fcr Verk\u00e4ufe erkennen und die Bereitschaft des Kunden dazu steigern<\/li><\/ul>\n\n\n\n<p><\/p>\n","protected":false},"excerpt":{"rendered":"<p>Sie wollen &#8230; &#8230; den Verkaufserfolg steigern?&#8230; die Beziehung zum Kunden verbessern?&#8230; Kundengespr\u00e4che zielorientiert lenken?&#8230; die Zufriedenheit der Kunden erh\u00f6hen?&#8230; die Abschlussquote erh\u00f6hen?&#8230; den Kundendienst mehr als Vertriebsinstrument n\u00fctzen? Dann sind folgende Seminartypen f\u00fcr Sie gerade richtig: Verkaufspsychologie \u2013 Wie &hellip; <a href=\"https:\/\/wastell.at\/?page_id=64\">Weiterlesen <span class=\"meta-nav\">&rarr;<\/span><\/a><\/p>\n","protected":false},"author":1,"featured_media":0,"parent":0,"menu_order":0,"comment_status":"closed","ping_status":"closed","template":"","meta":{"footnotes":""},"_links":{"self":[{"href":"https:\/\/wastell.at\/index.php?rest_route=\/wp\/v2\/pages\/64"}],"collection":[{"href":"https:\/\/wastell.at\/index.php?rest_route=\/wp\/v2\/pages"}],"about":[{"href":"https:\/\/wastell.at\/index.php?rest_route=\/wp\/v2\/types\/page"}],"author":[{"embeddable":true,"href":"https:\/\/wastell.at\/index.php?rest_route=\/wp\/v2\/users\/1"}],"replies":[{"embeddable":true,"href":"https:\/\/wastell.at\/index.php?rest_route=%2Fwp%2Fv2%2Fcomments&post=64"}],"version-history":[{"count":1,"href":"https:\/\/wastell.at\/index.php?rest_route=\/wp\/v2\/pages\/64\/revisions"}],"predecessor-version":[{"id":65,"href":"https:\/\/wastell.at\/index.php?rest_route=\/wp\/v2\/pages\/64\/revisions\/65"}],"wp:attachment":[{"href":"https:\/\/wastell.at\/index.php?rest_route=%2Fwp%2Fv2%2Fmedia&parent=64"}],"curies":[{"name":"wp","href":"https:\/\/api.w.org\/{rel}","templated":true}]}}