{"id":75,"date":"2020-04-09T00:41:18","date_gmt":"2020-04-08T22:41:18","guid":{"rendered":"http:\/\/wastell.at\/?page_id=75"},"modified":"2024-01-02T16:49:27","modified_gmt":"2024-01-02T15:49:27","slug":"beratung","status":"publish","type":"page","link":"https:\/\/wastell.at\/?page_id=75","title":{"rendered":"Beratung"},"content":{"rendered":"\n<p><br><strong>Ihr Unternehmen:<\/strong><\/p>\n\n\n\n<ul>\n<li>braucht etwas frischen Wind?<\/li>\n\n\n\n<li>k\u00f6nnte noch effizienter und wirtschaftlicher Arbeiten?<\/li>\n\n\n\n<li>strebt ein besseres Arbeits- und Betriebsklima an?<\/li>\n\n\n\n<li>ben\u00f6tigt klarere Strukturen sowie definierte Abl\u00e4ufe und Prozesse?<\/li>\n\n\n\n<li>will kundenorientierter agieren?<\/li>\n\n\n\n<li>hat h\u00f6here Ums\u00e4tze\/Ertr\u00e4ge\u00a0n\u00f6tig?<\/li>\n<\/ul>\n\n\n\n<p>Dabei k\u00f6nnen wir Sie gerne unterst\u00fctzen!<\/p>\n\n\n\n<p>Jedes Beratungsprojekt beginnt mit einem ausf\u00fchrlichen Analysegespr\u00e4ch. In diesem werden genaue Ziele gemeinsam definiert und die einzelnen Arbeitsschritte sowie Zust\u00e4ndigkeiten festgelegt. Unsere Arbeitsphilosophie beinhaltet eine gr\u00f6\u00dftm\u00f6gliche Einbindung aller Betroffenen und deren Erfahrungen!<\/p>\n\n\n\n<p>Um die Abwicklung m\u00f6glichst effektiv gestalten zu k\u00f6nnen, kommen die unterschiedlichsten Arbeitsformen zum Einsatz.<\/p>\n\n\n\n<p><strong>Arbeitsformen<\/strong><\/p>\n\n\n\n<ul>\n<li>Beratungsgespr\u00e4che mit Unternehmensleitung<\/li>\n\n\n\n<li>Einzelcoaching f\u00fcr F\u00fchrungskr\u00e4fte<\/li>\n\n\n\n<li>Fachberatung in Organisation, HR und Arbeitsrecht<\/li>\n\n\n\n<li>Workshops mit F\u00fchrungsteams und MitarbeiterInnen<\/li>\n\n\n\n<li>Trainings und Seminare<\/li>\n\n\n\n<li>Teamcoaching<\/li>\n\n\n\n<li>Learning on the Job<\/li>\n<\/ul>\n","protected":false},"excerpt":{"rendered":"<p>Ihr Unternehmen: Dabei k\u00f6nnen wir Sie gerne unterst\u00fctzen! Jedes Beratungsprojekt beginnt mit einem ausf\u00fchrlichen Analysegespr\u00e4ch. In diesem werden genaue Ziele gemeinsam definiert und die einzelnen Arbeitsschritte sowie Zust\u00e4ndigkeiten festgelegt. Unsere Arbeitsphilosophie beinhaltet eine gr\u00f6\u00dftm\u00f6gliche Einbindung aller Betroffenen und deren Erfahrungen! &hellip; <a href=\"https:\/\/wastell.at\/?page_id=75\">Weiterlesen <span class=\"meta-nav\">&rarr;<\/span><\/a><\/p>\n","protected":false},"author":1,"featured_media":0,"parent":0,"menu_order":0,"comment_status":"closed","ping_status":"closed","template":"","meta":{"footnotes":""},"_links":{"self":[{"href":"https:\/\/wastell.at\/index.php?rest_route=\/wp\/v2\/pages\/75"}],"collection":[{"href":"https:\/\/wastell.at\/index.php?rest_route=\/wp\/v2\/pages"}],"about":[{"href":"https:\/\/wastell.at\/index.php?rest_route=\/wp\/v2\/types\/page"}],"author":[{"embeddable":true,"href":"https:\/\/wastell.at\/index.php?rest_route=\/wp\/v2\/users\/1"}],"replies":[{"embeddable":true,"href":"https:\/\/wastell.at\/index.php?rest_route=%2Fwp%2Fv2%2Fcomments&post=75"}],"version-history":[{"count":4,"href":"https:\/\/wastell.at\/index.php?rest_route=\/wp\/v2\/pages\/75\/revisions"}],"predecessor-version":[{"id":217,"href":"https:\/\/wastell.at\/index.php?rest_route=\/wp\/v2\/pages\/75\/revisions\/217"}],"wp:attachment":[{"href":"https:\/\/wastell.at\/index.php?rest_route=%2Fwp%2Fv2%2Fmedia&parent=75"}],"curies":[{"name":"wp","href":"https:\/\/api.w.org\/{rel}","templated":true}]}}