{"id":79,"date":"2020-04-09T00:44:46","date_gmt":"2020-04-08T22:44:46","guid":{"rendered":"http:\/\/wastell.at\/?page_id=79"},"modified":"2020-04-09T00:50:25","modified_gmt":"2020-04-08T22:50:25","slug":"vertriebsberatung","status":"publish","type":"page","link":"https:\/\/wastell.at\/?page_id=79","title":{"rendered":"Vertriebsberatung"},"content":{"rendered":"\n<p><br><strong>Sie haben folgende Situationen:<\/strong><\/p>\n\n\n\n<ul><li>ein hervorragendes Produkt, Bedarf danach, &#8230;&nbsp;&nbsp; aber zu wenig Umsatz?<\/li><li>ausreichend Anfragen &#8230;&nbsp; aber die Abwicklung der Angebotsphase dauert zu lange?<\/li><li>viele Angebote &#8230;&nbsp; und zuwenig Auftr\u00e4ge?<\/li><li>strakes Bem\u00fchen aller Mitarbeiter&nbsp; &#8230;&nbsp; aber zuwenig Zufriedenheit bei Kunden?<\/li><\/ul>\n\n\n\n<p>Aufgrund unserer langj\u00e4hrigen Erfahrungen k\u00f6nnen Sie von uns genau die Beratung erfahren, die f\u00fcr Sie passend und hilfreich ist.<\/p>\n\n\n\n<p><strong>F\u00fcr folgende Aufgabenstellungen bieten wir Beratungs-Leistungen an:<\/strong><\/p>\n\n\n\n<p><strong>Verbesserung der Verkaufsprozesse<\/strong><\/p>\n\n\n\n<ul><li>Definition der Arbeitsabl\u00e4ufe und Zust\u00e4ndigkeiten<\/li><li>Zusammenarbeit zwischen Au\u00dfendienst, Innendienst, Fachabteilungen, Projektmanagement, etc.<\/li><li>Planung, gemeinsames Zeit- und Zielmanagement<\/li><li>gemeinsame Spielregeln<\/li><li>Verkaufen im Team<\/li><\/ul>\n\n\n\n<p><strong>Kundenorientierung<\/strong><\/p>\n\n\n\n<ul><li>Organisationsabl\u00e4ufe aus Sicht der Kunden<\/li><li>Erwartungen der Kunden<\/li><li>unser Auftreten und Umgang mit dem Kunden<\/li><li>unser einheitliches Bild nach Au\u00dfen<\/li><li>Kundennutzen im Vordergrund<\/li><\/ul>\n\n\n\n<p><strong>Optimierung der Verkaufsaktivit\u00e4ten<\/strong><\/p>\n\n\n\n<ul><li>Moderation von Strategie-Workshops, Begleitung bei Jahres-Meetings<\/li><li>Erarbeiten von gemeinsamen Umsetzungspl\u00e4nen<\/li><li>Verkaufstrainings und Seminare<\/li><li>Einzelcoaching f\u00fcr Verk\u00e4ufer<\/li><li>Training on the Job<\/li><\/ul>\n","protected":false},"excerpt":{"rendered":"<p>Sie haben folgende Situationen: ein hervorragendes Produkt, Bedarf danach, &#8230;&nbsp;&nbsp; aber zu wenig Umsatz? ausreichend Anfragen &#8230;&nbsp; aber die Abwicklung der Angebotsphase dauert zu lange? viele Angebote &#8230;&nbsp; und zuwenig Auftr\u00e4ge? strakes Bem\u00fchen aller Mitarbeiter&nbsp; &#8230;&nbsp; aber zuwenig Zufriedenheit bei &hellip; <a href=\"https:\/\/wastell.at\/?page_id=79\">Weiterlesen <span class=\"meta-nav\">&rarr;<\/span><\/a><\/p>\n","protected":false},"author":1,"featured_media":0,"parent":0,"menu_order":0,"comment_status":"closed","ping_status":"closed","template":"","meta":{"footnotes":""},"_links":{"self":[{"href":"https:\/\/wastell.at\/index.php?rest_route=\/wp\/v2\/pages\/79"}],"collection":[{"href":"https:\/\/wastell.at\/index.php?rest_route=\/wp\/v2\/pages"}],"about":[{"href":"https:\/\/wastell.at\/index.php?rest_route=\/wp\/v2\/types\/page"}],"author":[{"embeddable":true,"href":"https:\/\/wastell.at\/index.php?rest_route=\/wp\/v2\/users\/1"}],"replies":[{"embeddable":true,"href":"https:\/\/wastell.at\/index.php?rest_route=%2Fwp%2Fv2%2Fcomments&post=79"}],"version-history":[{"count":2,"href":"https:\/\/wastell.at\/index.php?rest_route=\/wp\/v2\/pages\/79\/revisions"}],"predecessor-version":[{"id":86,"href":"https:\/\/wastell.at\/index.php?rest_route=\/wp\/v2\/pages\/79\/revisions\/86"}],"wp:attachment":[{"href":"https:\/\/wastell.at\/index.php?rest_route=%2Fwp%2Fv2%2Fmedia&parent=79"}],"curies":[{"name":"wp","href":"https:\/\/api.w.org\/{rel}","templated":true}]}}